{"id":1120,"date":"2018-01-08T19:52:49","date_gmt":"2018-01-08T19:52:49","guid":{"rendered":"http:\/\/ireneoliver.com\/?page_id=1120"},"modified":"2018-01-08T20:02:29","modified_gmt":"2018-01-08T20:02:29","slug":"meet-us","status":"publish","type":"page","link":"http:\/\/ireneoliver.com\/en\/meet-us\/","title":{"rendered":"Meet us"},"content":{"rendered":"<p>[vc_row row_type=&#8221;row&#8221; use_row_as_full_screen_section=&#8221;no&#8221; type=&#8221;full_width&#8221; text_align=&#8221;left&#8221; background_animation=&#8221;none&#8221; css_animation=&#8221;&#8221; css=&#8221;.vc_custom_1498032868242{padding-top: 6.8% !important;padding-bottom: 6.3% !important;}&#8221;][vc_column offset=&#8221;vc_col-lg-3 vc_col-md-12 vc_col-xs-12&#8243; css=&#8221;.vc_custom_1515441745946{margin-top: 50px !important;}&#8221;][qode_elements_holder number_of_columns=&#8221;one_column&#8221;][qode_elements_holder_item item_padding=&#8221;0% 0% 0% 40%&#8221; item_padding_1280_1600=&#8221;0% 0% 0% 40%&#8221; item_padding_1024_1280=&#8221;0% 0% 0% 40%&#8221; item_padding_768_1024=&#8221;3% 0% 0% 10%&#8221; item_padding_600_768=&#8221;3% 0% 0% 10%&#8221; item_padding_480_600=&#8221;3% 0% 0% 10% &#8221; item_padding_480=&#8221;3% 0% 0% 10% &#8220;][vc_column_text]<\/p>\n<h4>Irene Oliver<\/h4>\n<p>[\/vc_column_text][\/qode_elements_holder_item][\/qode_elements_holder][\/vc_column][vc_column offset=&#8221;vc_col-lg-9 vc_col-md-12 vc_col-xs-12&#8243; css=&#8221;.vc_custom_1515441723374{margin-top: 50px !important;}&#8221;][qode_elements_holder number_of_columns=&#8221;one_column&#8221;][qode_elements_holder_item item_padding=&#8221;0% 38% 0% 0%&#8221; item_padding_1280_1600=&#8221;0% 19% 0% 0%&#8221; item_padding_1024_1280=&#8221;0% 22% 0% 0%&#8221; item_padding_768_1024=&#8221;10% 14% 4% 10%&#8221; item_padding_600_768=&#8221;10% 8% 4% 10%&#8221; item_padding_480_600=&#8221;10% 10% 20% 10%&#8221; item_padding_480=&#8221;10% 10% 20% 10%&#8221;][vc_column_text]<\/p>\n<p style=\"text-align: justify;\"><span style=\"color: #9d9d9d;\">Architecture is for us a way of life and we live each project as a challenge and an opportunity to give life to our knowledge and creativity. From the first render to the last block that we place in our projects, we always maintain maximum professionalism and effort.<\/span><\/p>\n<p>[\/vc_column_text][\/qode_elements_holder_item][\/qode_elements_holder][\/vc_column][\/vc_row][vc_row row_type=&#8221;row&#8221; use_row_as_full_screen_section=&#8221;no&#8221; type=&#8221;full_width&#8221; text_align=&#8221;left&#8221; background_animation=&#8221;none&#8221; css_animation=&#8221;&#8221; css=&#8221;.vc_custom_1498044611390{padding-top: 9.5% !important;padding-bottom: 11% !important;}&#8221;][vc_column offset=&#8221;vc_col-lg-3 vc_col-md-12 vc_col-xs-12&#8243;][qode_elements_holder number_of_columns=&#8221;one_column&#8221;][qode_elements_holder_item item_padding=&#8221;0% 0% 0% 40%&#8221; item_padding_1280_1600=&#8221;0% 0% 0% 40%&#8221; item_padding_1024_1280=&#8221;0% 0% 0% 40%&#8221; item_padding_768_1024=&#8221;4% 0% 7% 10%&#8221; item_padding_600_768=&#8221;4% 0% 7% 10%&#8221; item_padding_480_600=&#8221;15% 0% 20% 8%&#8221; item_padding_480=&#8221;15% 0% 20% 8%&#8221;][vc_column_text]<\/p>\n<h4>CV IRENE OLIVER<\/h4>\n<p>[\/vc_column_text][\/qode_elements_holder_item][\/qode_elements_holder][\/vc_column][vc_column offset=&#8221;vc_col-lg-9 vc_col-md-12 vc_col-xs-12&#8243;][qode_elements_holder number_of_columns=&#8221;one_column&#8221;][qode_elements_holder_item item_padding=&#8221;0% 35% 0% 0%&#8221; item_padding_1280_1600=&#8221;0% 14% 0% 0%&#8221; item_padding_1024_1280=&#8221;0% 29% 0% 0%&#8221; item_padding_768_1024=&#8221;0% 13% 4% 10%&#8221; item_padding_600_768=&#8221;0% 13% 4% 10%&#8221; item_padding_480_600=&#8221;0% 10% 20% 10%&#8221; item_padding_480=&#8221;0% 10% 20% 10%&#8221;][vc_column_text]<strong>WORK EXPERIENCE<\/strong><\/p>\n<p><strong>Own works<\/strong> (professional commissions)<\/p>\n<p><strong>\u00b7Building works.<\/strong><br \/>\nBasic Projects, Executive Projects and Works Management and Project Management:<\/p>\n<p>2006 -&#8230;, Building Works. Basic Projects, Executive Projects and Works Directions for new construction buildings, and Project Management, Interior Design of existing buildings.<\/p>\n<p>Scope of work in Balearic territory, Palma, Calvi\u00e1, Andratx, Ciutadella, Porreres, Portocolom.<\/p>\n<p><strong>\u00b7Architecture Competitions<\/strong><br \/>\n&#8211; 2 Public Protection Housing Buildings in Sant Antoni- PROJECT WINNER<\/p>\n<p>&#8211; 66 Housing Building and Day Center for the Elderly in Es Molinar<\/p>\n<p>&#8211; New Lyc\u00e9e Center Fran\u00e7ais<\/p>\n<p>&#8211; Conditioning of Micro Spaces Amaliach-Tetu\u00e1n Street in Santander<\/p>\n<p>&#8211; Public Contest of Exploitation of Bar-restaurant in the Dock of San Mag\u00edn<\/p>\n<p>WINNING PROJECT (See Integral Reform and Interior Design of Restaurant D\u00e1rsena)<\/p>\n<p>&#8211; Public Contest of Exploitation of Bar-restaurant in Portitxol<\/p>\n<p>GANADOR PROJECT (See Integral Reform of Restaurante Assaona)<\/p>\n<p>&#8211; Public Contest of Exploitation of Bar-restaurant in the Port of Portopetro<\/p>\n<p>GANADOR PROJECT (See Integral Reform of Na Petra Restaurant)<\/p>\n<p>\u00b7 As a collaborating Architect<\/p>\n<p>2004-2009, working as ARCHITECT COLLABORATOR in a Team of Doctors Architects, professors of the School of Architecture of Barcelona (ETSAB) of the Polytechnic University of Barcelona, \u200b\u200bAlbert Casals Balagu\u00e9 and Jos\u00e9 Luis Gonz\u00e1lez Moreno-Navarro.<\/p>\n<p>Realization of joint works in the architectural heritage of Catalonia.<\/p>\n<p>Academic Training and Experience as Academic Staff<\/p>\n<p>&#8211; Architect from the Polytechnic University of Catalonia (E.T.S.A.B -UPC). Diploma in the Specialized Restoration Line of the E.T.S.A.B (UPC).<\/p>\n<p>&#8211; Associate Professor of the subject Bases for Technique in the E.T.S.A.B (UPC). 2008-2015<\/p>\n<p>&#8211; PhD student. Program: Construction, Restoration and Architectural Rehabilitation. Doctoral Thesis in the Drafting Phase of: &#8220;Physical-constructive characterization of the water wind mills of the Palma de Mallorca region&#8221;<\/p>\n<p>&#8211; Several Postgraduate courses in Architectural Restoration.[\/vc_column_text][vc_empty_space height=&#8221;40px&#8221;][\/qode_elements_holder_item][\/qode_elements_holder][\/vc_column][\/vc_row][vc_row row_type=&#8221;row&#8221; use_row_as_full_screen_section=&#8221;no&#8221; type=&#8221;full_width&#8221; text_align=&#8221;left&#8221; background_animation=&#8221;none&#8221; css_animation=&#8221;&#8221; css=&#8221;.vc_custom_1497949036234{padding-bottom: 3% !important;}&#8221;][vc_column]<div class=\"qode-image-with-overlapping-info\">\n\t\t<div class=\"qode-iwoi-image-holder\">\n\t\t<img src=\"http:\/\/ireneoliver.com\/wp-content\/uploads\/2017\/09\/Palau-Reial-27.jpg\" alt=\" \" \/>\n\t<\/div>\n\t\t<div class=\"qode-iwoi-info-holder\">\n\t\t\t<h3 class=\"qode-iwoi-title\">\n\t\t\t\t \t\t\t<\/h3>\n\t\t\t\t\t\t\t<p class = \"qode-iwoi-text\"> Contact us to resolve any questions or queries that may arise and we will assist you as soon as possible. Our architecture office is always at your service.<\/p>\n\t\t\t\t\t\t<a href=\"http:\/\/ireneoliver.com\/en\/contact\/\" target=\"_self\"  class=\"qbutton  qode-iwoi-link display_dash\" style=\"\">Contact us<\/a>\t<\/div>\n<\/div>[\/vc_column][\/vc_row]<\/p>\n","protected":false},"excerpt":{"rendered":"<p>[vc_row row_type=&#8221;row&#8221; use_row_as_full_screen_section=&#8221;no&#8221; type=&#8221;full_width&#8221; text_align=&#8221;left&#8221; background_animation=&#8221;none&#8221; css_animation=&#8221;&#8221; css=&#8221;.vc_custom_1498032868242{padding-top: 6.8% !important;padding-bottom: 6.3% !important;}&#8221;][vc_column offset=&#8221;vc_col-lg-3 vc_col-md-12 vc_col-xs-12&#8243; css=&#8221;.vc_custom_1515441745946{margin-top: 50px !important;}&#8221;][qode_elements_holder number_of_columns=&#8221;one_column&#8221;][qode_elements_holder_item item_padding=&#8221;0% 0% 0% 40%&#8221; item_padding_1280_1600=&#8221;0% 0% 0% 40%&#8221; item_padding_1024_1280=&#8221;0% 0% 0% 40%&#8221; item_padding_768_1024=&#8221;3% 0% 0% 10%&#8221; item_padding_600_768=&#8221;3% 0% 0% 10%&#8221; item_padding_480_600=&#8221;3% 0% 0% 10% &#8221; item_padding_480=&#8221;3%&#8230;<\/p>\n","protected":false},"author":1,"featured_media":0,"parent":0,"menu_order":0,"comment_status":"closed","ping_status":"closed","template":"full_width.php","meta":[],"_links":{"self":[{"href":"http:\/\/ireneoliver.com\/en\/wp-json\/wp\/v2\/pages\/1120"}],"collection":[{"href":"http:\/\/ireneoliver.com\/en\/wp-json\/wp\/v2\/pages"}],"about":[{"href":"http:\/\/ireneoliver.com\/en\/wp-json\/wp\/v2\/types\/page"}],"author":[{"embeddable":true,"href":"http:\/\/ireneoliver.com\/en\/wp-json\/wp\/v2\/users\/1"}],"replies":[{"embeddable":true,"href":"http:\/\/ireneoliver.com\/en\/wp-json\/wp\/v2\/comments?post=1120"}],"version-history":[{"count":3,"href":"http:\/\/ireneoliver.com\/en\/wp-json\/wp\/v2\/pages\/1120\/revisions"}],"predecessor-version":[{"id":1139,"href":"http:\/\/ireneoliver.com\/en\/wp-json\/wp\/v2\/pages\/1120\/revisions\/1139"}],"wp:attachment":[{"href":"http:\/\/ireneoliver.com\/en\/wp-json\/wp\/v2\/media?parent=1120"}],"curies":[{"name":"wp","href":"https:\/\/api.w.org\/{rel}","templated":true}]}}