{"id":1144,"date":"2018-01-09T12:29:09","date_gmt":"2018-01-09T12:29:09","guid":{"rendered":"http:\/\/ireneoliver.com\/?page_id=1144"},"modified":"2018-01-09T12:29:09","modified_gmt":"2018-01-09T12:29:09","slug":"aviso-legal","status":"publish","type":"page","link":"http:\/\/ireneoliver.com\/en\/aviso-legal\/","title":{"rendered":"Aviso legal"},"content":{"rendered":"<p><strong>CONDICIONES GENERALES DE ACCESO Y USO DEL\u00a0SITIO WEB<\/strong><\/p>\n<ol>\n<li><strong> Informaci\u00f3n legal<\/strong><\/li>\n<li><strong>a)\u00a0<\/strong>Las presentes condiciones regulan el uso permitido del\u00a0<strong>sitio web<\/strong>accesible en la direcci\u00f3n URL\u00a0<a href=\"http:\/\/www.ireneoliver.com\">ireneoliver.com<\/a>(en adelante, el\u00a0<strong>sitio web<\/strong>), que la\u00a0<strong>Irene Isabel Oliver Montell <\/strong>(en adelante,\u00a0<strong>IO<\/strong>), cuyos datos identificativos se indican a continuaci\u00f3n, pone a disposici\u00f3n de los\u00a0<strong>usuarios<\/strong>\u00a0de Internet.<\/li>\n<li><strong>b)\u00a0<\/strong>Datos identificativos del titular del\u00a0<strong>sitio web<\/strong>:<\/li>\n<\/ol>\n<p><strong>Nombre del titular:\u00a0<\/strong><strong>Irene Isabel Oliver Montell<\/strong><\/p>\n<p><strong>Domicilio:\u00a0<\/strong>CE Argenteria n.1, 4 planta, 07001 Palma de Mallorca<\/p>\n<p><strong>CIF:\u00a0<\/strong>43135778Z<\/p>\n<ol start=\"2\">\n<li><strong> Objeto<\/strong><\/li>\n<\/ol>\n<p>El\u00a0<strong>sitio web<\/strong>\u00a0facilita a los visitantes y\u00a0<strong>usuarios<\/strong>\u00a0del mismo el acceso a informaci\u00f3n, productos y servicios suministrados o prestados por\u00a0<strong>IO<\/strong>\u00a0a aquellas personas u organizaciones interesadas en los mismos.<\/p>\n<ol start=\"3\">\n<li><strong> Aceptaci\u00f3n de las condiciones generales y particulares<\/strong><\/li>\n<\/ol>\n<p>Estas condiciones generales regulan el acceso y utilizaci\u00f3n del\u00a0<strong>sitio web<\/strong>\u00a0que\u00a0<strong>IO<\/strong>\u00a0pone gratuitamente a disposici\u00f3n de los\u00a0<strong>usuarios<\/strong>\u00a0de Internet. El acceso al mismo implica su aceptaci\u00f3n sin reservas. La utilizaci\u00f3n de determinados servicios ofrecidos en este\u00a0<strong>sitio web<\/strong>\u00a0se regir\u00e1, adem\u00e1s, por las condiciones particulares previstas en cada caso, las cuales se entender\u00e1n aceptadas por el mero uso de tales servicios y, seg\u00fan los casos, sustituyen, completan y\/o modifican estas condiciones generales.<\/p>\n<ol start=\"4\">\n<li><strong> Condiciones de acceso y utilizaci\u00f3n<\/strong><\/li>\n<\/ol>\n<p>Se autoriza la visualizaci\u00f3n, impresi\u00f3n y descarga parcial del contenido de\u00a0<strong>sitio web<\/strong>\u00a0s\u00f3lo y exclusivamente si concurren las siguientes condiciones:<\/p>\n<ol>\n<li><strong>i)\u00a0<\/strong>Que sea compatible con los fines del\u00a0<strong>sitio web<\/strong>;<\/li>\n<li><strong>ii)\u00a0<\/strong>Que se realice con el exclusivo \u00e1nimo de obtener la informaci\u00f3n contenida para uso personal y privado. Se proh\u00edbe expresamente su utilizaci\u00f3n con fines comerciales o para su distribuci\u00f3n, comunicaci\u00f3n p\u00fablica, transformaci\u00f3n o descompilaci\u00f3n;<\/li>\n<\/ol>\n<p><strong>iii)\u00a0<\/strong>Que ninguno de los contenidos relacionados en el\u00a0<strong>sitio web<\/strong>\u00a0sean modificados de manera alguna;<\/p>\n<ol>\n<li><strong>iv)\u00a0<\/strong>Que ning\u00fan elemento disponible en el\u00a0<strong>sitio web<\/strong>(incluyendo, sin car\u00e1cter limitativo, bases de datos, im\u00e1genes, dibujos, gr\u00e1ficos, animaciones, archivos de texto, audio, v\u00eddeo y software) sea utilizado, copiado o distribuido separadamente de la p\u00e1gina web donde aparece, considerando dicha p\u00e1gina como un todo que incluye el c\u00f3digo HTML que define la misma, el texto y todos los elementos que lo acompa\u00f1an.<\/li>\n<li><strong> V\u00ednculos o enlaces hipertextuales con\/desde el\u00a0sitio web<\/strong><\/li>\n<li><strong>a)\u00a0<\/strong>Todo enlace de terceros al\u00a0<strong>sitio web<\/strong>de\u00a0<strong>IO<\/strong>debe serlo a su p\u00e1gina principal, quedando expresamente prohibidos los &#8220;links profundos&#8221; (enlaces directos a p\u00e1ginas del\u00a0<strong>sitio web<\/strong>\u00a0diferentes de la portada), el &#8220;framing&#8221; (utilizaci\u00f3n de &#8220;marcos&#8221; o &#8220;frames&#8221; HTML para mostrar contenidos propios del\u00a0<strong>sitio web<\/strong>\u00a0integrados en una p\u00e1gina web ajena al mismo), y cualquier otro aprovechamiento de los contenidos del\u00a0<strong>sitio web<\/strong>\u00a0a favor de terceros no autorizados expresamente.<\/li>\n<li><strong>b)\u00a0<\/strong>Adem\u00e1s, todo\u00a0<strong>sitio web<\/strong>de terceros que enlace con el\u00a0<strong>sitio web<\/strong>de\u00a0<strong>IO<\/strong>\u00a0debe cumplir las siguientes obligaciones:<\/li>\n<li><strong>i)\u00a0<\/strong>No se realizar\u00e1 junto al enlace manifestaciones falsas, inexactas, incorrectas, que puedan inducir a error o que sean contrarias a la ley, la moral o las buenas costumbres;<\/li>\n<li><strong>ii)\u00a0<\/strong>No se incluir\u00e1 ninguna marca comercial o signo susceptible de protecci\u00f3n distinto de la direcci\u00f3n URL del\u00a0<strong>sitio web<\/strong>;<\/li>\n<\/ol>\n<p><strong>iii)\u00a0<\/strong>No establecer\u00e1 enlaces con otras p\u00e1ginas que contengan contenidos, manifestaciones o propaganda de car\u00e1cter racista, xen\u00f3fobo, pornogr\u00e1fico, de apolog\u00eda del terrorismo o atentatoria contra los derechos humanos y que, en general, puedan perjudicar de cualquier modo el buen nombre comercial o la imagen de\u00a0<strong>IO<\/strong>, las compa\u00f1\u00edas del mismo grupo empresarial o de sus clientes y proveedores.<\/p>\n<ol>\n<li><strong>c)\u00a0<\/strong>La inclusi\u00f3n de v\u00ednculos o enlaces con otros sitios web no implica que\u00a0<strong>IO<\/strong>promocione, avale, garantice o recomiende los contenidos de dichos portales o sitios web. Por su parte, el\u00a0<strong>sitio web<\/strong>puede contener v\u00ednculos o enlaces con otros portales o sitios web no gestionados por\u00a0<strong>IO<\/strong>.\u00a0<strong>IO<\/strong>\u00a0no ejerce control alguno sobre dichos portales o sitios web, ni es responsable del contenido de los mismos y, por tanto, estos enlaces son ofrecidos, \u00fanicamente a modo de referencias informativas, sin ning\u00fan tipo de valoraci\u00f3n sobre los contenidos, propietarios, servicios o productos ofrecidos desde los mismos.<\/li>\n<li><strong> Garant\u00edas generales<\/strong><\/li>\n<li><strong>a)\u00a0IO<\/strong>pone a disposici\u00f3n del p\u00fablico el\u00a0<strong>sitio web<\/strong>y la informaci\u00f3n que \u00e9ste contiene, la cual proviene de fuentes internas o externas, de buena fe. El\u00a0<strong>usuario<\/strong>\u00a0del mismo asume, conoce y acepta, por el solo hecho de visitarlo, que los datos e informaciones contenidos en el\u00a0<strong>sitio web<\/strong>, se ofrecen \u00fanica y exclusivamente a efectos informativos y que podr\u00edan contener errores, imprecisiones o no estar actualizados, y todo ello a pesar de la diligencia puesta por\u00a0<strong>IO<\/strong>\u00a0en su realizaci\u00f3n o actualizaci\u00f3n.<\/li>\n<li><strong>b)\u00a0IO<\/strong>se reserva la facultad de efectuar, en cualquier momento y sin necesidad de previo aviso, modificaciones y actualizaciones de la informaci\u00f3n contenida en el\u00a0<strong>sitio web<\/strong>, de la configuraci\u00f3n y presentaci\u00f3n de \u00e9sta y de las condiciones de acceso. Asimismo, tambi\u00e9n se reserva el derecho de suspender temporalmente y sin necesidad de previo aviso, el acceso al\u00a0<strong>sitio web<\/strong>en raz\u00f3n de la eventual necesidad de efectuar operaciones de mantenimiento, reparaci\u00f3n, actualizaci\u00f3n o mejora del mismo.<\/li>\n<li><strong>c)\u00a0IO<\/strong>no garantiza la inexistencia de interrupciones o errores en el acceso al\u00a0<strong>sitio web<\/strong>o a su contenido, ni que \u00e9ste se encuentre actualizado.\u00a0<strong>IO<\/strong>\u00a0llevar\u00e1 a cabo, siempre que no concurran causas que lo hagan imposible o de dif\u00edcil ejecuci\u00f3n, y tan pronto tenga noticia de los errores, desconexiones o falta de actualizaci\u00f3n en los contenidos, todas aquellas labores tendentes a subsanar los errores, restablecer la comunicaci\u00f3n y actualizar los contenidos.<\/li>\n<li><strong>d)\u00a0MENORES DE EDAD<\/strong>. Para poder acceder y hacer uso de los servicios proporcionados por el\u00a0<strong>sitio web<\/strong>, los menores de edad deben obtener previamente permiso de sus padres, tutores o representantes legales, quienes ser\u00e1n considerados responsables de todos los actos realizados por los menores a su cargo. La plena responsabilidad en la determinaci\u00f3n de los concretos contenidos y servicios a los que acceden los menores de edad corresponde a los mayores a cuyo cargo se encuentran. Como Internet hace posible el acceso a contenidos que pueden no ser apropiados para menores,\u00a0<strong>IO<\/strong>informa a los\u00a0<strong>usuarios<\/strong>de que existen mecanismos, en particular programas inform\u00e1ticos de filtro y bloqueo, que permiten limitar los contenidos disponibles y, aunque no resultan infalibles, son de especial utilidad para controlar y restringir los materiales a los que pueden acceder los menores.<\/li>\n<li><strong>e)\u00a0<\/strong>Se hace saber a los\u00a0<strong>usuarios<\/strong>que\u00a0<strong>IO<\/strong>ha subcontratado la prestaci\u00f3n del servicio de mantenimiento t\u00e9cnico integral del\u00a0<strong>sitio web<\/strong>, el cual incluye el alojamiento o hosting del mismo en los equipos servidores del contratista y la conectividad con Internet.<\/li>\n<li><strong> Limitaci\u00f3n de responsabilidades<\/strong><\/li>\n<li><strong>a)\u00a0IO<\/strong>no efect\u00faa manifestaciones ni ofrece garant\u00edas de ninguna clase, ya sean expl\u00edcitas o impl\u00edcitas, en cuanto al funcionamiento del\u00a0<strong>sitio web<\/strong>o a la informaci\u00f3n, contenido, software, materiales, o productos incluidos en el mismo en la medida que lo permita la legislaci\u00f3n aplicable. Asimismo,\u00a0<strong>IO<\/strong>\u00a0queda exonerada de prestar cualesquiera garant\u00edas, ya sean expl\u00edcitas o impl\u00edcitas, incluidas, entre otras, las garant\u00edas impl\u00edcitas de idoneidad para un fin determinado.\u00a0<strong>IO<\/strong>\u00a0no ser\u00e1 responsable de los da\u00f1os o perjuicios de cualquier \u00edndole que puedan derivarse del uso de este\u00a0<strong>sitio web<\/strong>, incluidos, entre otros, los da\u00f1os directos e indirectos.<\/li>\n<li><strong>b)\u00a0IO<\/strong>no se hace responsable de cualesquiera da\u00f1os o perjuicios directos o indirectos que pudieran derivarse de la interrupci\u00f3n del servicio por parte del\u00a0<strong>sitio web<\/strong>as\u00ed como de su continuidad. Asimismo,\u00a0<strong>IO<\/strong>\u00a0no se hace responsable de los posibles errores o deficiencias de seguridad que pudieran producirse por la utilizaci\u00f3n, por parte del\u00a0<strong>usuario<\/strong>, de un programa navegador o de una versi\u00f3n no actualizada o insegura, as\u00ed como por la activaci\u00f3n de los dispositivos de conservaci\u00f3n de claves o c\u00f3digos de identificaci\u00f3n del\u00a0<strong>usuario<\/strong>\u00a0registrado en el programa navegador o de los da\u00f1os, errores o inexactitudes que pudieran derivarse del mal funcionamiento del mismo.<\/li>\n<li><strong>c)\u00a0<\/strong>El\u00a0<strong>usuario<\/strong>responder\u00e1 por los da\u00f1os y perjuicios de cualquier naturaleza que\u00a0<strong>IO<\/strong>pueda sufrir como consecuencia, directa o indirecta, del incumplimiento por parte del mismo de estas Condiciones Generales o de las condiciones particulares que, en su caso, regulen el uso o la prestaci\u00f3n de ciertos servicios adicionales.<\/li>\n<li><strong>d)\u00a0<\/strong>El colaborador responder\u00e1 por los da\u00f1os y perjuicios de cualquier naturaleza que\u00a0<strong>IO<\/strong>pueda sufrir como consecuencia, directa o indirecta, del incumplimiento por parte del mismo de la legislaci\u00f3n vigente, de estas Condiciones Generales o de las condiciones particulares que, en su caso, regulen el desarrollo de su actividad como colaborador del\u00a0<strong>sitio web<\/strong>.<\/li>\n<li><strong> Derechos de propiedad intelectual e industrial<\/strong><\/li>\n<li><strong>a)\u00a0<\/strong>Los derechos de propiedad intelectual del\u00a0<strong>sitio web<\/strong>, su c\u00f3digo fuente, dise\u00f1o, estructura de navegaci\u00f3n, bases de datos y los distintos elementos en \u00e9l contenidos son titularidad de\u00a0<strong>IO<\/strong>o de sus proveedores, y corresponde a \u00e9sta el ejercicio exclusivo de los derechos de explotaci\u00f3n de los mismos en cualquier forma y, en especial, los derechos de reproducci\u00f3n, distribuci\u00f3n, comunicaci\u00f3n p\u00fablica y transformaci\u00f3n.<\/li>\n<li><strong>b)\u00a0<\/strong>Todo el software utilizado en el uso y desarrollo del\u00a0<strong>sitio web<\/strong>es propiedad de\u00a0<strong>IO<\/strong>o de sus proveedores de software, habiendo sido, en este \u00faltimo caso, objeto de licencia o cesi\u00f3n por parte de los mismos, y se encuentra protegido por las leyes nacionales e internacionales de propiedad industrial e intelectual.<\/li>\n<li><strong>c)\u00a0IO<\/strong>es titular de los derechos de propiedad industrial referidos a sus productos y servicios, y espec\u00edficamente de los relativos a las marcas, r\u00f3tulos, signos distintivos o logos de la misma que aparecen en el\u00a0<strong>sitio web<\/strong>y que est\u00e1n debidamente registrados o en proceso de registro. Respecto a las citas de productos y servicios de terceros,\u00a0<strong>IO<\/strong>\u00a0reconoce a favor de sus titulares los correspondientes derechos de propiedad industrial e intelectual, no implicando su sola menci\u00f3n o aparici\u00f3n en el\u00a0<strong>sitio web<\/strong>\u00a0la existencia de derechos o responsabilidad alguna de\u00a0<strong>IO<\/strong>\u00a0sobre los mismos, como tampoco respaldo, patrocinio, o recomendaci\u00f3n por parte de\u00a0<strong>IO<\/strong>, a no ser que se manifieste de manera expresa.<\/li>\n<li><strong>d)\u00a0<\/strong>La utilizaci\u00f3n no autorizada de la informaci\u00f3n contenida en el\u00a0<strong>sitio web<\/strong>, su reventa, as\u00ed como la lesi\u00f3n de los derechos de propiedad intelectual o industrial de\u00a0<strong>IO<\/strong>dar\u00e1 lugar a las responsabilidades legalmente establecidas.<\/li>\n<li><strong> Datos de car\u00e1cter personal<\/strong><\/li>\n<li><strong>a)\u00a0<\/strong>En cumplimiento de lo establecido en la Ley Org\u00e1nica 15\/1999, de 13 de diciembre, de Protecci\u00f3n de Datos de Car\u00e1cter Personal (LOPD),\u00a0<strong>IO<\/strong>le informa de que, mediante la cumplimentaci\u00f3n de cualquier formulario electr\u00f3nico presente en el\u00a0<strong>sitio web<\/strong>, sus datos personales quedar\u00e1n incorporados a un fichero automatizado de datos, propiedad de\u00a0<strong>IO<\/strong>, y que ser\u00e1n tratados con los siguientes fines:<\/li>\n<li><strong>i)\u00a0<\/strong>La prestaci\u00f3n de los servicios ofrecidos en el\u00a0<strong>sitio web<\/strong>;<\/li>\n<li><strong>ii)\u00a0<\/strong>El env\u00edo de informaci\u00f3n y publicidad sobre\u00a0<strong>IO<\/strong>y de acuerdo con la finalidad del\u00a0<strong>sitio web<\/strong>;<\/li>\n<\/ol>\n<p><strong>iii)\u00a0<\/strong>La realizaci\u00f3n de encuestas, estad\u00edsticas y an\u00e1lisis de tendencias de mercado;<\/p>\n<ol>\n<li><strong>iv)\u00a0<\/strong>La elaboraci\u00f3n de perfiles del\u00a0<strong>usuario<\/strong>con la finalidad de personalizar y mejorar los servicios ofrecidos.<\/li>\n<li><strong>b)\u00a0IO<\/strong>mantiene una pol\u00edtica de confidencialidad de los datos aportados por sus clientes, comprometi\u00e9ndose a la protecci\u00f3n de los datos personales de los\u00a0<strong>usuarios<\/strong>del\u00a0<strong>sitio web<\/strong>. La protecci\u00f3n de datos se extiende a todo lo relativo a la recogida y uso de la informaci\u00f3n proporcionada a trav\u00e9s del\u00a0<strong>sitio web<\/strong>.<\/li>\n<li><strong>c)\u00a0<\/strong>En este sentido,\u00a0<strong>IO<\/strong>se compromete a no ceder a terceros los datos personales aportados por los\u00a0<strong>usuarios<\/strong>sin el consentimiento expreso de \u00e9stos. No obstante lo anterior y en cumplimiento de lo establecido en la LOPD, el\u00a0<strong>usuario<\/strong>\u00a0autoriza expresamente a\u00a0<strong>IO<\/strong>\u00a0para que \u00e9sta pueda comunicar sus datos personales a otras empresas, siempre y cuando \u00e9stas pertenezcan su mismo grupo empresarial, independientemente del pa\u00eds de destino de dichos datos e incluso si el pa\u00eds de destino no ofreciera un nivel de protecci\u00f3n equiparable al de la LOPD; y, con la finalidad \u00fanica de que dichos terceros los utilicen exclusivamente para el cumplimiento de los servicios y fines comerciales contratados. La anterior autorizaci\u00f3n es revocable por el\u00a0<strong>usuario<\/strong>\u00a0en cualquier momento sin efectos retroactivos.<\/li>\n<li><strong>d)\u00a0IO<\/strong>garantiza al\u00a0<strong>usuario<\/strong>, en los t\u00e9rminos establecidos en la Ley Org\u00e1nica 15\/1999, de 13 de diciembre, de Protecci\u00f3n de Datos de Car\u00e1cter Personal (LOPD), que tratar\u00e1 confidencialmente sus datos personales, as\u00ed como que el servidor en el que se almacenar\u00e1n y tratar\u00e1n dichos datos goza de las medidas de seguridad necesarias para evitar el acceso a dichos datos por parte de terceros no autorizados. Ello no obstante,\u00a0<strong>IO<\/strong>podr\u00e1 revelar a las autoridades p\u00fablicas competentes los datos de car\u00e1cter personal y cualquier otra informaci\u00f3n que obre en su poder a trav\u00e9s de sus sistemas inform\u00e1ticos cuando le sea requerida de conformidad con las disposiciones legales y reglamentarias aplicables en cada caso.<\/li>\n<li><strong>e)\u00a0<\/strong>La empresa le informa que el\u00a0<strong>usuario<\/strong>posee los derechos de acceso, rectificaci\u00f3n, cancelaci\u00f3n y oposici\u00f3n sobre sus datos de car\u00e1cter personal, y que podr\u00e1 en todo momento ejercitar dichos derechos, sin que dicha acci\u00f3n pueda tener car\u00e1cter retroactivo, comunic\u00e1ndolo a la empresa por el medio m\u00e1s adecuado a cada caso:<\/li>\n<li><strong>i)\u00a0<\/strong>Mediante comunicaci\u00f3n remitida a la empresa por cualquiera de los medios previstos en las presentes Condiciones Generales o, en su caso, en las condiciones particulares que regulen la prestaci\u00f3n del servicio.<\/li>\n<li><strong>f)\u00a0<\/strong>En el caso de que el\u00a0<strong>usuario<\/strong>facilite datos de car\u00e1cter personal de terceras personas (por ejemplo, mediante la utilizaci\u00f3n del servicio de &#8220;recomendar a un amigo&#8221;), siempre y cuando \u00e9stos se incorporen a un fichero de datos automatizados,\u00a0<strong>IO<\/strong>, en cumplimiento de lo dispuesto en la LOPD (art\u00edculo 5.4.), notificar\u00e1 a dichos terceros, en el plazo m\u00e1ximo de tres meses desde el momento en que se produjo el registro de los datos, la existencia, titularidad y finalidad del fichero donde se contienen sus datos e informar\u00e1 del contenido y procedencia de los mismos. Igualmente,\u00a0<strong>IO<\/strong>informar\u00e1 a dichos terceros sobre la posibilidad de ejercitar los derechos de acceso, rectificaci\u00f3n, cancelaci\u00f3n y oposici\u00f3n sobre sus datos personales.<\/li>\n<li><strong> Notificaciones<\/strong><\/li>\n<li><strong>a)\u00a0<\/strong>Todas las notificaciones y comunicaciones por parte de los\u00a0<strong>usuarios<\/strong>a\u00a0<strong>IO<\/strong>se considerar\u00e1n eficaces, a todos los efectos, cuando se realicen mediante alguno de los siguientes medios, que\u00a0<strong>IO<\/strong>\u00a0pone a disposici\u00f3n de los\u00a0<strong>usuarios<\/strong>\u00a0del\u00a0<strong>sitio web<\/strong>. No obstante, cuando\u00a0<strong>IO<\/strong>\u00a0proporcione al\u00a0<strong>usuario<\/strong>\u00a0un procedimiento directo y autom\u00e1tico, que le permita realizar por s\u00ed mismo y de forma aut\u00f3noma, la acci\u00f3n objeto de la notificaci\u00f3n o comunicaci\u00f3n a\u00a0<strong>IO<\/strong>, \u00e9ste vendr\u00e1 obligado a utilizarlo.<\/li>\n<\/ol>\n<p><strong>Direcci\u00f3n postal:\u00a0<\/strong>Calle Argenter\u00eda, 1. 4\u00aa planta. <strong>Direcci\u00f3n de correo electr\u00f3nico: ireneoliver@coaib.es<\/strong><\/p>\n<p>&nbsp;<\/p>\n<p><strong>Formulario web de contacto:\u00a0<\/strong><a href=\"http:\/\/www.ireneoliver.com\/contacto%0D\">www.ireneoliver.com\/contacto<\/a><\/p>\n<p>&nbsp;<\/p>\n<ol>\n<li><strong>b)\u00a0<\/strong>Todas las notificaciones por parte de\u00a0<strong>IO<\/strong>al\u00a0<strong>usuario<\/strong>se considerar\u00e1n eficaces, a todos los efectos, cuando se realicen utilizando los datos y por alguno de los medios relacionados a continuaci\u00f3n. A estos efectos, el\u00a0<strong>usuario<\/strong>\u00a0manifiesta que todos los datos facilitados son ciertos y correctos, y se compromete a comunicar a\u00a0<strong>IO<\/strong>\u00a0cualquier cambio relativo a sus datos de notificaci\u00f3n.<\/li>\n<li><strong>i)\u00a0<\/strong>Env\u00edo por correo postal al domicilio del\u00a0<strong>usuario<\/strong>, cuando \u00e9ste haya sido previamente puesto en conocimiento de\u00a0<strong>IO<\/strong>;<\/li>\n<li><strong>ii)\u00a0<\/strong>Env\u00edo por correo electr\u00f3nico dirigido a la direcci\u00f3n del\u00a0<strong>usuario<\/strong>, cuando \u00e9ste haya sido previamente puesto en conocimiento de\u00a0<strong>IO<\/strong>o lo sea en ese mismo momento;<\/li>\n<\/ol>\n<p><strong>iii)\u00a0<\/strong>Comunicaci\u00f3n por medio de una llamada telef\u00f3nica al n\u00famero de tel\u00e9fono del\u00a0<strong>usuario<\/strong>, cuando \u00e9ste haya sido previamente puesto en conocimiento de\u00a0<strong>IO<\/strong>;<\/p>\n<ol>\n<li><strong>iv)\u00a0<\/strong>Mediante las propias p\u00e1ginas web o pantallas que el\u00a0<strong>usuario<\/strong>visualiza durante el uso de los servicios prestados en el\u00a0<strong>sitio web<\/strong>;<\/li>\n<li><strong>v)\u00a0<\/strong>Mediante mensajes emergentes enviados durante la prestaci\u00f3n de los servicios por parte de\u00a0<strong>IO<\/strong>al\u00a0<strong>usuario<\/strong>.<\/li>\n<\/ol>\n<p><strong>11.<\/strong><\/p>\n<p>Si cualquier cl\u00e1usula de las presentes Condiciones Generales fuese declarada, total o parcialmente, nula o ineficaz, tal nulidad o ineficacia afectar\u00e1 tan s\u00f3lo a dicha disposici\u00f3n o parte de la misma que resulte nula o ineficaz subsistiendo en todo lo dem\u00e1s, el resto de Condiciones Generales y teni\u00e9ndose tal disposici\u00f3n o la parte de la misma que resulte afectada por no puesta, salvo que, por resultar esencial a las presentes Condiciones Generales, hubiese de afectarlas de forma integral.<\/p>\n<ol start=\"12\">\n<li><strong> Ley aplicable y jurisdicci\u00f3n<\/strong><\/li>\n<li><strong>a)\u00a0<\/strong>Las presentes Condiciones Generales se interpretar\u00e1n y regir\u00e1n de conformidad con la legislaci\u00f3n espa\u00f1ola.<\/li>\n<li><strong>b)\u00a0IO<\/strong>y el\u00a0<strong>usuario<\/strong>, con renuncia expresa a cualquier otro fuero que pudiera corresponderles, se someten al de los juzgados y tribunales del domicilio del\u00a0<strong>usuario<\/strong>para cualquier controversia que pudiera derivarse del acceso o uso del\u00a0<strong>sitio web<\/strong>. En el caso de que el\u00a0<strong>usuario<\/strong>\u00a0tenga su domicilio fuera de Espa\u00f1a,\u00a0<strong>IO<\/strong>\u00a0y el\u00a0<strong>usuario<\/strong>\u00a0se someten, con renuncia expresa a cualquier otro fuero, a los juzgados y tribunales del domicilio de\u00a0<strong>IO<\/strong>.<\/li>\n<\/ol>\n<p>&nbsp;<\/p>\n","protected":false},"excerpt":{"rendered":"<p>CONDICIONES GENERALES DE ACCESO Y USO DEL\u00a0SITIO WEB Informaci\u00f3n legal a)\u00a0Las presentes condiciones regulan el uso permitido del\u00a0sitio webaccesible en la direcci\u00f3n URL\u00a0ireneoliver.com(en adelante, el\u00a0sitio web), que la\u00a0Irene Isabel Oliver Montell (en adelante,\u00a0IO), cuyos datos identificativos se indican a continuaci\u00f3n, pone a disposici\u00f3n de los\u00a0usuarios\u00a0de&#8230;<\/p>\n","protected":false},"author":1,"featured_media":0,"parent":0,"menu_order":0,"comment_status":"closed","ping_status":"closed","template":"","meta":[],"_links":{"self":[{"href":"http:\/\/ireneoliver.com\/en\/wp-json\/wp\/v2\/pages\/1144"}],"collection":[{"href":"http:\/\/ireneoliver.com\/en\/wp-json\/wp\/v2\/pages"}],"about":[{"href":"http:\/\/ireneoliver.com\/en\/wp-json\/wp\/v2\/types\/page"}],"author":[{"embeddable":true,"href":"http:\/\/ireneoliver.com\/en\/wp-json\/wp\/v2\/users\/1"}],"replies":[{"embeddable":true,"href":"http:\/\/ireneoliver.com\/en\/wp-json\/wp\/v2\/comments?post=1144"}],"version-history":[{"count":1,"href":"http:\/\/ireneoliver.com\/en\/wp-json\/wp\/v2\/pages\/1144\/revisions"}],"predecessor-version":[{"id":1145,"href":"http:\/\/ireneoliver.com\/en\/wp-json\/wp\/v2\/pages\/1144\/revisions\/1145"}],"wp:attachment":[{"href":"http:\/\/ireneoliver.com\/en\/wp-json\/wp\/v2\/media?parent=1144"}],"curies":[{"name":"wp","href":"https:\/\/api.w.org\/{rel}","templated":true}]}}